{"id":6177,"date":"2022-12-02T16:55:49","date_gmt":"2022-12-02T15:55:49","guid":{"rendered":"https:\/\/www.esaspa.it\/aziende\/raccolta-differenziata\/indifferenziato\/"},"modified":"2022-12-02T16:55:49","modified_gmt":"2022-12-02T15:55:49","slug":"indifferenziato","status":"publish","type":"page","link":"https:\/\/www.esaspa.it\/en\/businesses\/raccolta-differenziata\/indifferenziato\/","title":{"rendered":"Indifferenziato"},"content":{"rendered":"<p>Questa tipologia comprende <strong>solo quello che non pu\u00f2 essere differenziato<\/strong>; quindi, \u00e8 fondamentale ridurne il pi\u00f9 possibile la produzione. Qui sono ammessi quindi solo i rifiuti non differenziabili nelle altre frazioni merceologiche.<\/p>\n<p><strong>\u00c8 vietato il conferimento di materiale ingombrante<\/strong>, che deve essere conferito al Centro di Raccolta, o ritirato a domicilio previo appuntamento.<\/p>\n<p><strong>ATTENZIONE! <\/strong><br \/>\n<strong>Conferire in sacchi trasparenti opportunamente chiusi.<\/strong><\/p>\n        <div data-twocol-list class=\"zui-content__component zui-content__component--twocol-list bordered-bottom\">\n            <div data-mh=\"twocol-listszxSaM3UnJ\" class=\"col col--1\">\n                                    <h4><strong>Cosa conferire<\/strong><\/h4>\n                    <ul>\n                                                    <li class='square-color-1 '>Scontrini<\/li>\n                                                    <li class='square-color-1 '>Ceramica o porcellana (piatti, tazzine, ecc.)<\/li>\n                                                    <li class='square-color-1 '>Contenitori in pyrex<\/li>\n                                                    <li class='square-color-1 '>Contenitori in cartone plastificato diversi dal tetrapak<\/li>\n                                                    <li class='square-color-1 '>Carta oleata o plastificata o da forno<\/li>\n                                                    <li class='square-color-1 '>Pannoloni e pannolini<\/li>\n                                                    <li class='square-color-1 '>Lampadine<\/li>\n                                                    <li class='square-color-1 hide'>Giocattoli e soprammobili<\/li>\n                                                    <li class='square-color-1 hide'>Rasoi e spazzolini in plastica<\/li>\n                                                    <li class='square-color-1 hide'>Oggetti e tubi in gomma<\/li>\n                                            <\/ul>\n                                            <span data-see-more class='color-7 make-bold'>> See all<\/span>\n                                                <\/div>\n            <!-- .col--1 -->\n            <div data-mh=\"twocol-listszxSaM3UnJ\" class=\"col col--2\">\n                                    <h4><strong>Cosa non conferire<\/strong><\/h4>\n                    <ul>\n                                                    <li class='square-color-10 '>Residui organici di alimenti<\/li>\n                                                    <li class='square-color-10 '>Rifiuti cartacei privi di impurit\u00e0<\/li>\n                                                    <li class='square-color-10 '>Imballaggi e contenitori in vetro<\/li>\n                                                    <li class='square-color-10 '>Imballaggi e contenitori in plastica<\/li>\n                                                    <li class='square-color-10 '>Tutto quello che si pu\u00f2 riciclare<\/li>\n                                            <\/ul>\n                                                <\/div>\n            <!-- .col--2 -->\n        <\/div>\n        <!-- .zui-content__twocol-list -->\n    \n","protected":false},"excerpt":{"rendered":"<p>Questa tipologia comprende solo quello che non pu\u00f2 essere differenziato; quindi, \u00e8 fondamentale ridurne il pi\u00f9 possibile la produzione. Qui sono ammessi quindi solo i rifiuti non differenziabili nelle altre frazioni merceologiche. \u00c8 vietato il conferimento di materiale ingombrante, che deve essere conferito al Centro di Raccolta, o ritirato a domicilio previo appuntamento. ATTENZIONE! Conferire [&hellip;]<\/p>\n","protected":false},"author":1,"featured_media":0,"parent":6140,"menu_order":20,"comment_status":"closed","ping_status":"closed","template":"","meta":{"footnotes":""},"class_list":["post-6177","page","type-page","status-publish","hentry"],"acf":[],"yoast_head":"<!-- This site is optimized with the Yoast SEO plugin v27.4 - https:\/\/yoast.com\/product\/yoast-seo-wordpress\/ -->\n<title>Indifferenziato | Esa<\/title>\n<meta name=\"robots\" content=\"index, follow, max-snippet:-1, max-image-preview:large, max-video-preview:-1\" \/>\n<link rel=\"canonical\" href=\"https:\/\/www.esaspa.it\/en\/businesses\/raccolta-differenziata\/indifferenziato\/\" \/>\n<meta property=\"og:locale\" content=\"en_US\" \/>\n<meta property=\"og:type\" content=\"article\" \/>\n<meta property=\"og:title\" content=\"Indifferenziato | Esa\" \/>\n<meta property=\"og:description\" content=\"Questa tipologia comprende solo quello che non pu\u00f2 essere differenziato; quindi, \u00e8 fondamentale ridurne il pi\u00f9 possibile la produzione. Qui sono ammessi quindi solo i rifiuti non differenziabili nelle altre frazioni merceologiche. \u00c8 vietato il conferimento di materiale ingombrante, che deve essere conferito al Centro di Raccolta, o ritirato a domicilio previo appuntamento. ATTENZIONE! Conferire [&hellip;]\" \/>\n<meta property=\"og:url\" content=\"https:\/\/www.esaspa.it\/en\/businesses\/raccolta-differenziata\/indifferenziato\/\" \/>\n<meta property=\"og:site_name\" content=\"Esa\" \/>\n<meta property=\"og:image\" content=\"https:\/\/www.esaspa.it\/wp-content\/uploads\/2022\/11\/social_banner.png\" \/>\n\t<meta property=\"og:image:width\" content=\"1200\" \/>\n\t<meta property=\"og:image:height\" content=\"630\" \/>\n\t<meta property=\"og:image:type\" content=\"image\/png\" \/>\n<meta name=\"twitter:card\" content=\"summary_large_image\" \/>\n<script type=\"application\/ld+json\" class=\"yoast-schema-graph\">{\"@context\":\"https:\\\/\\\/schema.org\",\"@graph\":[{\"@type\":\"WebPage\",\"@id\":\"https:\\\/\\\/www.esaspa.it\\\/en\\\/businesses\\\/raccolta-differenziata\\\/indifferenziato\\\/\",\"url\":\"https:\\\/\\\/www.esaspa.it\\\/en\\\/businesses\\\/raccolta-differenziata\\\/indifferenziato\\\/\",\"name\":\"Indifferenziato | Esa\",\"isPartOf\":{\"@id\":\"https:\\\/\\\/www.esaspa.it\\\/#website\"},\"datePublished\":\"2022-12-02T15:55:49+00:00\",\"breadcrumb\":{\"@id\":\"https:\\\/\\\/www.esaspa.it\\\/en\\\/businesses\\\/raccolta-differenziata\\\/indifferenziato\\\/#breadcrumb\"},\"inLanguage\":\"en-US\",\"potentialAction\":[{\"@type\":\"ReadAction\",\"target\":[\"https:\\\/\\\/www.esaspa.it\\\/en\\\/businesses\\\/raccolta-differenziata\\\/indifferenziato\\\/\"]}]},{\"@type\":\"BreadcrumbList\",\"@id\":\"https:\\\/\\\/www.esaspa.it\\\/en\\\/businesses\\\/raccolta-differenziata\\\/indifferenziato\\\/#breadcrumb\",\"itemListElement\":[{\"@type\":\"ListItem\",\"position\":1,\"name\":\"Home\",\"item\":\"https:\\\/\\\/www.esaspa.it\\\/en\\\/\"},{\"@type\":\"ListItem\",\"position\":2,\"name\":\"Businesses\",\"item\":\"https:\\\/\\\/www.esaspa.it\\\/en\\\/businesses\\\/\"},{\"@type\":\"ListItem\",\"position\":3,\"name\":\"Raccolta differenziata\",\"item\":\"https:\\\/\\\/www.esaspa.it\\\/en\\\/businesses\\\/raccolta-differenziata\\\/\"},{\"@type\":\"ListItem\",\"position\":4,\"name\":\"Indifferenziato\"}]},{\"@type\":\"WebSite\",\"@id\":\"https:\\\/\\\/www.esaspa.it\\\/#website\",\"url\":\"https:\\\/\\\/www.esaspa.it\\\/\",\"name\":\"Esa SpA\",\"description\":\"Elbana Servizi Ambientali\",\"publisher\":{\"@id\":\"https:\\\/\\\/www.esaspa.it\\\/#organization\"},\"potentialAction\":[{\"@type\":\"SearchAction\",\"target\":{\"@type\":\"EntryPoint\",\"urlTemplate\":\"https:\\\/\\\/www.esaspa.it\\\/?s={search_term_string}\"},\"query-input\":{\"@type\":\"PropertyValueSpecification\",\"valueRequired\":true,\"valueName\":\"search_term_string\"}}],\"inLanguage\":\"en-US\"},{\"@type\":\"Organization\",\"@id\":\"https:\\\/\\\/www.esaspa.it\\\/#organization\",\"name\":\"Esa SpA\",\"url\":\"https:\\\/\\\/www.esaspa.it\\\/\",\"logo\":{\"@type\":\"ImageObject\",\"inLanguage\":\"en-US\",\"@id\":\"https:\\\/\\\/www.esaspa.it\\\/#\\\/schema\\\/logo\\\/image\\\/\",\"url\":\"https:\\\/\\\/www.esaspa.it\\\/wp-content\\\/uploads\\\/2023\\\/03\\\/logo@2x.png\",\"contentUrl\":\"https:\\\/\\\/www.esaspa.it\\\/wp-content\\\/uploads\\\/2023\\\/03\\\/logo@2x.png\",\"width\":470,\"height\":110,\"caption\":\"Esa SpA\"},\"image\":{\"@id\":\"https:\\\/\\\/www.esaspa.it\\\/#\\\/schema\\\/logo\\\/image\\\/\"}}]}<\/script>\n<!-- \/ Yoast SEO plugin. -->","yoast_head_json":{"title":"Indifferenziato | Esa","robots":{"index":"index","follow":"follow","max-snippet":"max-snippet:-1","max-image-preview":"max-image-preview:large","max-video-preview":"max-video-preview:-1"},"canonical":"https:\/\/www.esaspa.it\/en\/businesses\/raccolta-differenziata\/indifferenziato\/","og_locale":"en_US","og_type":"article","og_title":"Indifferenziato | Esa","og_description":"Questa tipologia comprende solo quello che non pu\u00f2 essere differenziato; quindi, \u00e8 fondamentale ridurne il pi\u00f9 possibile la produzione. Qui sono ammessi quindi solo i rifiuti non differenziabili nelle altre frazioni merceologiche. \u00c8 vietato il conferimento di materiale ingombrante, che deve essere conferito al Centro di Raccolta, o ritirato a domicilio previo appuntamento. ATTENZIONE! Conferire [&hellip;]","og_url":"https:\/\/www.esaspa.it\/en\/businesses\/raccolta-differenziata\/indifferenziato\/","og_site_name":"Esa","og_image":[{"width":1200,"height":630,"url":"https:\/\/www.esaspa.it\/wp-content\/uploads\/2022\/11\/social_banner.png","type":"image\/png"}],"twitter_card":"summary_large_image","schema":{"@context":"https:\/\/schema.org","@graph":[{"@type":"WebPage","@id":"https:\/\/www.esaspa.it\/en\/businesses\/raccolta-differenziata\/indifferenziato\/","url":"https:\/\/www.esaspa.it\/en\/businesses\/raccolta-differenziata\/indifferenziato\/","name":"Indifferenziato | Esa","isPartOf":{"@id":"https:\/\/www.esaspa.it\/#website"},"datePublished":"2022-12-02T15:55:49+00:00","breadcrumb":{"@id":"https:\/\/www.esaspa.it\/en\/businesses\/raccolta-differenziata\/indifferenziato\/#breadcrumb"},"inLanguage":"en-US","potentialAction":[{"@type":"ReadAction","target":["https:\/\/www.esaspa.it\/en\/businesses\/raccolta-differenziata\/indifferenziato\/"]}]},{"@type":"BreadcrumbList","@id":"https:\/\/www.esaspa.it\/en\/businesses\/raccolta-differenziata\/indifferenziato\/#breadcrumb","itemListElement":[{"@type":"ListItem","position":1,"name":"Home","item":"https:\/\/www.esaspa.it\/en\/"},{"@type":"ListItem","position":2,"name":"Businesses","item":"https:\/\/www.esaspa.it\/en\/businesses\/"},{"@type":"ListItem","position":3,"name":"Raccolta differenziata","item":"https:\/\/www.esaspa.it\/en\/businesses\/raccolta-differenziata\/"},{"@type":"ListItem","position":4,"name":"Indifferenziato"}]},{"@type":"WebSite","@id":"https:\/\/www.esaspa.it\/#website","url":"https:\/\/www.esaspa.it\/","name":"Esa SpA","description":"Elbana Servizi Ambientali","publisher":{"@id":"https:\/\/www.esaspa.it\/#organization"},"potentialAction":[{"@type":"SearchAction","target":{"@type":"EntryPoint","urlTemplate":"https:\/\/www.esaspa.it\/?s={search_term_string}"},"query-input":{"@type":"PropertyValueSpecification","valueRequired":true,"valueName":"search_term_string"}}],"inLanguage":"en-US"},{"@type":"Organization","@id":"https:\/\/www.esaspa.it\/#organization","name":"Esa SpA","url":"https:\/\/www.esaspa.it\/","logo":{"@type":"ImageObject","inLanguage":"en-US","@id":"https:\/\/www.esaspa.it\/#\/schema\/logo\/image\/","url":"https:\/\/www.esaspa.it\/wp-content\/uploads\/2023\/03\/logo@2x.png","contentUrl":"https:\/\/www.esaspa.it\/wp-content\/uploads\/2023\/03\/logo@2x.png","width":470,"height":110,"caption":"Esa SpA"},"image":{"@id":"https:\/\/www.esaspa.it\/#\/schema\/logo\/image\/"}}]}},"_links":{"self":[{"href":"https:\/\/www.esaspa.it\/en\/wp-json\/wp\/v2\/pages\/6177","targetHints":{"allow":["GET"]}}],"collection":[{"href":"https:\/\/www.esaspa.it\/en\/wp-json\/wp\/v2\/pages"}],"about":[{"href":"https:\/\/www.esaspa.it\/en\/wp-json\/wp\/v2\/types\/page"}],"author":[{"embeddable":true,"href":"https:\/\/www.esaspa.it\/en\/wp-json\/wp\/v2\/users\/1"}],"replies":[{"embeddable":true,"href":"https:\/\/www.esaspa.it\/en\/wp-json\/wp\/v2\/comments?post=6177"}],"version-history":[{"count":0,"href":"https:\/\/www.esaspa.it\/en\/wp-json\/wp\/v2\/pages\/6177\/revisions"}],"up":[{"embeddable":true,"href":"https:\/\/www.esaspa.it\/en\/wp-json\/wp\/v2\/pages\/6140"}],"wp:attachment":[{"href":"https:\/\/www.esaspa.it\/en\/wp-json\/wp\/v2\/media?parent=6177"}],"curies":[{"name":"wp","href":"https:\/\/api.w.org\/{rel}","templated":true}]}}